{"id":122,"date":"2018-03-13T15:12:54","date_gmt":"2018-03-13T15:12:54","guid":{"rendered":"https:\/\/sinetic.al\/?page_id=122"},"modified":"2018-03-20T12:09:58","modified_gmt":"2018-03-20T12:09:58","slug":"industry","status":"publish","type":"page","link":"https:\/\/sinetic.al\/al\/services\/industry\/","title":{"rendered":"Industry"},"content":{"rendered":"<p>SINETIC \u00ebsht\u00eb n\u00eb gjendje t\u00eb jap\u00eb zgjidhje gjith\u00ebp\u00ebrfshir\u00ebse t\u00eb produkteve dhe sh\u00ebrbimeve p\u00ebr t\u00eb p\u00ebrmbushur sfidat tuaja unike t\u00eb industris\u00eb. Stafi sinetik punon n\u00eb projektimin, nd\u00ebrtimin, instalimin dhe sherbimin e pajisjeve t\u00eb shp\u00ebrndarjes elektrike q\u00eb i mban operacionet industriale produktive. Stafi i SINETIC ofron sh\u00ebrbime p\u00ebr nd\u00ebrtimin e ri ose modernizimin e objekteve ekzistuese industriale, SINETIC ofron zgjidhje t\u00eb plota t\u00eb produkteve dhe sh\u00ebrbimeve.<\/p>\n<p>SINETIC ofron pajisje dhe sh\u00ebrbime t\u00eb tilla si nd\u00ebrprer\u00ebsit e rrym\u00ebs, pajisjet e nd\u00ebrprerjes, qendrat e kontrollit t\u00eb motor\u00ebve, transformator\u00ebt, rrymat, rrymat, kalimet automatike t\u00eb kalimit (ATS), pajisjet mbrojt\u00ebse t\u00eb mbitensionit dhe furnizimet me energji t\u00eb pand\u00ebrprer\u00eb.<\/p>\n<ul>\n<li><span class=\"notranslate\"><b>Elektrike<\/b><\/span>\n<ul>\n<li><span class=\"notranslate\"> Sherbim i paneleve elektrike dhe instalimeve<br \/>\n<\/span><\/li>\n<li><span class=\"notranslate\">Projektim panelesh elektrike sipas kerkesave<br \/>\n<\/span><\/li>\n<li><span class=\"notranslate\">Projektim dhe prodhim instalimesh industriale per makinerite<br \/>\n<\/span><\/li>\n<\/ul>\n<\/li>\n<li><span class=\"notranslate\"> <b>Automatizim<\/b><\/span><span class=\"notranslate\"><br \/>\n<\/span><\/p>\n<ul>\n<li><span class=\"notranslate\">Projektim, programim dhe egzekutim sistemesh PLC<br \/>\n<\/span><\/li>\n<li><span class=\"notranslate\"> Sherbim per makineri CNC<br \/>\n<\/span><\/li>\n<li><span class=\"notranslate\"> Programim i makinave CNC me G-code<\/span><\/li>\n<li><span class=\"notranslate\"> Riparim makinash egzistuese industriale dhe zevendesim i releve llogjike me PLC<\/span><\/li>\n<li><span class=\"notranslate\"> Implementim, proketim dhe ndertim i infartrukturave industriale komplekse &#8211; SCADA, komunikim<br \/>\n<\/span><\/li>\n<\/ul>\n<\/li>\n<li><span class=\"notranslate\"> <b>Makineri<\/b><\/span>\n<ul>\n<li><span class=\"notranslate\">Mirembajtje dhe sherbim per makineri industriale<\/span><\/li>\n<li><span class=\"notranslate\">Zevendesim dhe komisionim komponetesh te demtuar<\/span><\/li>\n<\/ul>\n<\/li>\n<\/ul>\n","protected":false},"excerpt":{"rendered":"<p>SINETIC \u00ebsht\u00eb n\u00eb gjendje t\u00eb jap\u00eb zgjidhje gjith\u00ebp\u00ebrfshir\u00ebse t\u00eb produkteve dhe sh\u00ebrbimeve p\u00ebr t\u00eb p\u00ebrmbushur sfidat tuaja unike t\u00eb industris\u00eb. Stafi sinetik punon n\u00eb projektimin, nd\u00ebrtimin, instalimin dhe sherbimin e pajisjeve t\u00eb shp\u00ebrndarjes elektrike q\u00eb i mban operacionet industriale produktive.<\/p>\n","protected":false},"author":1,"featured_media":0,"parent":65,"menu_order":0,"comment_status":"closed","ping_status":"closed","template":"","meta":{"footnotes":""},"class_list":["post-122","page","type-page","status-publish","hentry"],"_links":{"self":[{"href":"https:\/\/sinetic.al\/al\/wp-json\/wp\/v2\/pages\/122","targetHints":{"allow":["GET"]}}],"collection":[{"href":"https:\/\/sinetic.al\/al\/wp-json\/wp\/v2\/pages"}],"about":[{"href":"https:\/\/sinetic.al\/al\/wp-json\/wp\/v2\/types\/page"}],"author":[{"embeddable":true,"href":"https:\/\/sinetic.al\/al\/wp-json\/wp\/v2\/users\/1"}],"replies":[{"embeddable":true,"href":"https:\/\/sinetic.al\/al\/wp-json\/wp\/v2\/comments?post=122"}],"version-history":[{"count":3,"href":"https:\/\/sinetic.al\/al\/wp-json\/wp\/v2\/pages\/122\/revisions"}],"predecessor-version":[{"id":144,"href":"https:\/\/sinetic.al\/al\/wp-json\/wp\/v2\/pages\/122\/revisions\/144"}],"up":[{"embeddable":true,"href":"https:\/\/sinetic.al\/al\/wp-json\/wp\/v2\/pages\/65"}],"wp:attachment":[{"href":"https:\/\/sinetic.al\/al\/wp-json\/wp\/v2\/media?parent=122"}],"curies":[{"name":"wp","href":"https:\/\/api.w.org\/{rel}","templated":true}]}}