{"id":16,"date":"2017-12-28T09:33:17","date_gmt":"2017-12-28T09:33:17","guid":{"rendered":"https:\/\/sinetic.al\/?page_id=16"},"modified":"2023-09-04T18:08:34","modified_gmt":"2023-09-04T18:08:34","slug":"home","status":"publish","type":"page","link":"https:\/\/sinetic.al\/al\/","title":{"rendered":"Kreu"},"content":{"rendered":"<p>Mire se erdhet tek Sinetic Albania.<\/p>\n<p><span id=\"result_box\" class=\"\" lang=\"sq\"><span class=\"\">Nj\u00eb kompani e orientuar nga risit\u00eb q\u00eb ofron sh\u00ebrbime dhe zgjidhje n\u00eb mbar\u00eb bot\u00ebn.<\/span><\/span><br \/>\n<iframe loading=\"lazy\" title=\"Top Clutch It Services Company Albania 2023\" src=\"https:\/\/shareables.clutch.co\/share\/badges\/2183626\/13328?utm_source=clutch_top_company_badge&#038;utm_medium=image_embed\" width=\"180\" height=\"180\"><\/iframe><\/p>\n","protected":false},"excerpt":{"rendered":"<p>Mire se erdhet tek Sinetic Albania. Nj\u00eb kompani e orientuar nga risit\u00eb q\u00eb ofron sh\u00ebrbime dhe zgjidhje n\u00eb mbar\u00eb bot\u00ebn.<\/p>\n","protected":false},"author":1,"featured_media":0,"parent":0,"menu_order":0,"comment_status":"closed","ping_status":"closed","template":"","meta":{"footnotes":""},"class_list":["post-16","page","type-page","status-publish","hentry"],"_links":{"self":[{"href":"https:\/\/sinetic.al\/al\/wp-json\/wp\/v2\/pages\/16","targetHints":{"allow":["GET"]}}],"collection":[{"href":"https:\/\/sinetic.al\/al\/wp-json\/wp\/v2\/pages"}],"about":[{"href":"https:\/\/sinetic.al\/al\/wp-json\/wp\/v2\/types\/page"}],"author":[{"embeddable":true,"href":"https:\/\/sinetic.al\/al\/wp-json\/wp\/v2\/users\/1"}],"replies":[{"embeddable":true,"href":"https:\/\/sinetic.al\/al\/wp-json\/wp\/v2\/comments?post=16"}],"version-history":[{"count":15,"href":"https:\/\/sinetic.al\/al\/wp-json\/wp\/v2\/pages\/16\/revisions"}],"predecessor-version":[{"id":8439,"href":"https:\/\/sinetic.al\/al\/wp-json\/wp\/v2\/pages\/16\/revisions\/8439"}],"wp:attachment":[{"href":"https:\/\/sinetic.al\/al\/wp-json\/wp\/v2\/media?parent=16"}],"curies":[{"name":"wp","href":"https:\/\/api.w.org\/{rel}","templated":true}]}}